{"id":2117,"date":"2025-10-18T21:27:46","date_gmt":"2025-10-18T19:27:46","guid":{"rendered":"https:\/\/sdg2033.bereishit.de\/ekipi\/"},"modified":"2026-04-08T22:25:38","modified_gmt":"2026-04-08T20:25:38","slug":"ekipi","status":"publish","type":"page","link":"https:\/\/sdg2033-d5.bereishit.de\/sq\/ekipi\/","title":{"rendered":"Ekipi"},"content":{"rendered":"<div class=\"et_pb_section_0 et_pb_section et_section_regular et_block_section\">\n<div class=\"et_pb_row_0 et_pb_row et_pb_equal_columns et_pb_gutters1 et_block_row\">\n<div class=\"et_pb_column_0 et_pb_column et_pb_column_2_5 et_block_column et_pb_css_mix_blend_mode_passthrough\">\n<div class=\"et_pb_image_0 et_pb_image et_animated et_pb_module et_block_module\"><span class=\"et_pb_image_wrap\"><img loading=\"lazy\" decoding=\"async\" src=\"https:\/\/sdg2033-d5.bereishit.de\/wp-content\/uploads\/2026\/04\/sdg_heart_sp.jpg\" width=\"1024\" height=\"1264\" srcset=\"https:\/\/sdg2033-d5.bereishit.de\/wp-content\/uploads\/2026\/04\/sdg_heart_sp.jpg 1024w, https:\/\/sdg2033-d5.bereishit.de\/wp-content\/uploads\/2026\/04\/sdg_heart_sp-980x1210.jpg 980w, https:\/\/sdg2033-d5.bereishit.de\/wp-content\/uploads\/2026\/04\/sdg_heart_sp-480x593.jpg 480w\" sizes=\"(min-width: 0px) and (max-width: 480px) 480px, (min-width: 481px) and (max-width: 980px) 980px, (min-width: 981px) 1024px, 100vw\" class=\"wp-image-2918\" title=\"Soli Deo Gloria 2033\" alt=\"Soli Deo Gloria 2033\" \/><\/span><\/div>\n<\/div>\n\n<div class=\"et_pb_column_1 et_pb_column et_pb_column_3_5 et-last-child et_block_column et_pb_css_mix_blend_mode_passthrough vertikal-zentrieren\">\n<div class=\"et_pb_text_0 et_pb_text et_pb_bg_layout_light et_animated et_pb_module et_block_module et_pb_text_align_center preset--module--divi-text--default\"><div class=\"et_pb_text_inner\"><h1>Ekipi<\/h1>\n<\/div><\/div>\n\n<div class=\"et_pb_text_1 et_pb_text et_pb_bg_layout_light et_animated et_pb_module et_block_module et_pb_text_align_center preset--module--divi-text--default\"><div class=\"et_pb_text_inner\"><h2>Soli Deo Gloria 2033<\/h2>\n<\/div><\/div>\n<\/div>\n<\/div>\n<\/div>\n\n<div class=\"et_pb_section_1 et_pb_section et_section_regular et_block_section\">\n<div class=\"et_pb_row_1 et_pb_row et_pb_equal_columns et_pb_gutters1 et_block_row\">\n<div class=\"et_pb_column_2 et_pb_column et_pb_column_4_4 et-last-child et_block_column et_pb_css_mix_blend_mode_passthrough\">\n<div class=\"et_pb_image_1 et_pb_image et_pb_module et_block_module\"><span class=\"et_pb_image_wrap\"><img loading=\"lazy\" decoding=\"async\" src=\"https:\/\/sdg2033-d5.bereishit.de\/wp-content\/uploads\/2026\/04\/our_team.jpg\" width=\"739\" height=\"380\" srcset=\"https:\/\/sdg2033-d5.bereishit.de\/wp-content\/uploads\/2026\/04\/our_team.jpg 739w, https:\/\/sdg2033-d5.bereishit.de\/wp-content\/uploads\/2026\/04\/our_team-480x247.jpg 480w\" sizes=\"(min-width: 0px) and (max-width: 480px) 480px, (min-width: 481px) 739px, 100vw\" class=\"wp-image-2966\" title=\"Ekipi\" alt=\"Ekipi\" \/><\/span><\/div>\n\n<div class=\"et_pb_text_2 et_pb_text et_pb_bg_layout_light et_pb_module et_block_module et_pb_text_align_center preset--module--divi-text--default\"><div class=\"et_pb_text_inner\"><p>Takimi i ekipit 2025 n\u00eb OpenDoors Gjermani<\/p>\n<\/div><\/div>\n<\/div>\n<\/div>\n\n<div class=\"et_pb_row_2 et_pb_row et_pb_equal_columns et_block_row\">\n<div class=\"et_pb_column_3 et_pb_column et_pb_column_1_3 et_block_column et_pb_css_mix_blend_mode_passthrough\">\n<div class=\"et_pb_blurb_0 et_pb_blurb et_pb_bg_layout_light et_pb_blurb_position_top et_pb_module et_block_module\"><div class=\"et_pb_blurb_content\"><div class=\"et_pb_main_blurb_image\"><span class=\"et_pb_image_wrap et_pb_only_image_mode_wrap\"><img loading=\"lazy\" decoding=\"async\" src=\"https:\/\/sdg2033-d5.bereishit.de\/wp-content\/uploads\/2026\/04\/Dr-Andreas-Bartels-_200.jpg\" width=\"200\" height=\"240\" srcset=\"https:\/\/sdg2033-d5.bereishit.de\/wp-content\/uploads\/2026\/04\/Dr-Andreas-Bartels-_200.jpg 200w\" sizes=\"(max-width: 200px) 100vw, 200px\" class=\"et_animated wp-image-2967\" alt=\"Dr. Andreas Bartels\" \/><\/span><\/div><div class=\"et_pb_blurb_container\"><h4 class=\"et_pb_module_header\">Dr. Andreas Bartels<\/h4><div class=\"et_pb_blurb_description\"><p>Themelues, Partneritete<br \/>(Drejtor VisioM)<\/p>\n<\/div><\/div><\/div><\/div>\n<\/div>\n\n<div class=\"et_pb_column_4 et_pb_column et_pb_column_1_3 et_block_column et_pb_css_mix_blend_mode_passthrough\">\n<div class=\"et_pb_blurb_1 et_pb_blurb et_pb_bg_layout_light et_pb_blurb_position_top et_pb_module et_block_module\"><div class=\"et_pb_blurb_content\"><div class=\"et_pb_main_blurb_image\"><span class=\"et_pb_image_wrap et_pb_only_image_mode_wrap\"><img loading=\"lazy\" decoding=\"async\" src=\"https:\/\/sdg2033-d5.bereishit.de\/wp-content\/uploads\/2026\/04\/Elisabeth-Bartels-VisioM-_200-_neu.jpg\" width=\"200\" height=\"240\" srcset=\"https:\/\/sdg2033-d5.bereishit.de\/wp-content\/uploads\/2026\/04\/Elisabeth-Bartels-VisioM-_200-_neu.jpg 200w\" sizes=\"(max-width: 200px) 100vw, 200px\" class=\"et_animated wp-image-2968\" alt=\"Elisabeth Bartels\" \/><\/span><\/div><div class=\"et_pb_blurb_container\"><h4 class=\"et_pb_module_header\">Elisabeth Bartels<\/h4><div class=\"et_pb_blurb_description\"><p>Konsulent, Lutje<br \/>(Ministria e grave n\u00eb VisioM)<\/p>\n<\/div><\/div><\/div><\/div>\n<\/div>\n\n<div class=\"et_pb_column_5 et_pb_column et_pb_column_1_3 et-last-child et_block_column et_pb_css_mix_blend_mode_passthrough\">\n<div class=\"et_pb_blurb_2 et_pb_blurb et_pb_bg_layout_light et_pb_blurb_position_top et_pb_module et_block_module\"><div class=\"et_pb_blurb_content\"><div class=\"et_pb_main_blurb_image\"><span class=\"et_pb_image_wrap et_pb_only_image_mode_wrap\"><img loading=\"lazy\" decoding=\"async\" src=\"https:\/\/sdg2033-d5.bereishit.de\/wp-content\/uploads\/2026\/04\/Jochen-Bubeck-_200-1.jpg\" width=\"200\" height=\"240\" srcset=\"https:\/\/sdg2033-d5.bereishit.de\/wp-content\/uploads\/2026\/04\/Jochen-Bubeck-_200-1.jpg 200w\" sizes=\"(max-width: 200px) 100vw, 200px\" class=\"et_animated wp-image-2969\" alt=\"Jochen Bubeck\" \/><\/span><\/div><div class=\"et_pb_blurb_container\"><h4 class=\"et_pb_module_header\">Jochen Bubeck<\/h4><div class=\"et_pb_blurb_description\"><p>Konsulent, Koordinator i Rrjetit<br \/>(Inxhinier Mekanik, HR, Bosch)<\/p>\n<\/div><\/div><\/div><\/div>\n<\/div>\n<\/div>\n\n<div class=\"et_pb_row_3 et_pb_row et_pb_equal_columns et_block_row\">\n<div class=\"et_pb_column_6 et_pb_column et_pb_column_1_3 et_block_column et_pb_css_mix_blend_mode_passthrough\">\n<div class=\"et_pb_blurb_3 et_pb_blurb et_pb_bg_layout_light et_pb_blurb_position_top et_pb_module et_block_module\"><div class=\"et_pb_blurb_content\"><div class=\"et_pb_main_blurb_image\"><span class=\"et_pb_image_wrap et_pb_only_image_mode_wrap\"><img loading=\"lazy\" decoding=\"async\" src=\"https:\/\/sdg2033-d5.bereishit.de\/wp-content\/uploads\/2026\/04\/Dieter-Treftz-_200.jpg\" width=\"200\" height=\"240\" srcset=\"https:\/\/sdg2033-d5.bereishit.de\/wp-content\/uploads\/2026\/04\/Dieter-Treftz-_200.jpg 200w\" sizes=\"(max-width: 200px) 100vw, 200px\" class=\"et_animated wp-image-2970\" alt=\"Dieter Treftz\" \/><\/span><\/div><div class=\"et_pb_blurb_container\"><h4 class=\"et_pb_module_header\">Dieter Trefz<\/h4><div class=\"et_pb_blurb_description\"><p>Rrjetet, Konsulent<br \/>(Drejtor Kontaktmission)<\/p>\n<\/div><\/div><\/div><\/div>\n<\/div>\n\n<div class=\"et_pb_column_7 et_pb_column et_pb_column_1_3 et_block_column et_pb_css_mix_blend_mode_passthrough\">\n<div class=\"et_pb_blurb_4 et_pb_blurb et_pb_bg_layout_light et_pb_blurb_position_top et_pb_module et_block_module\"><div class=\"et_pb_blurb_content\"><div class=\"et_pb_main_blurb_image\"><span class=\"et_pb_image_wrap et_pb_only_image_mode_wrap\"><img loading=\"lazy\" decoding=\"async\" src=\"https:\/\/sdg2033-d5.bereishit.de\/wp-content\/uploads\/2026\/04\/Frank-Bossert-_200.jpg\" width=\"200\" height=\"240\" srcset=\"https:\/\/sdg2033-d5.bereishit.de\/wp-content\/uploads\/2026\/04\/Frank-Bossert-_200.jpg 200w\" sizes=\"(max-width: 200px) 100vw, 200px\" class=\"et_animated wp-image-2971\" alt=\"Frank Bossert\" \/><\/span><\/div><div class=\"et_pb_blurb_container\"><h4 class=\"et_pb_module_header\">Frank Bossert<\/h4><div class=\"et_pb_blurb_description\"><p>Rrjetet, mbledhja e fondeve<br \/>(CEO Bossert Gmbh)<\/p>\n<\/div><\/div><\/div><\/div>\n<\/div>\n\n<div class=\"et_pb_column_8 et_pb_column et_pb_column_1_3 et-last-child et_block_column et_pb_css_mix_blend_mode_passthrough\">\n<div class=\"et_pb_blurb_5 et_pb_blurb et_pb_bg_layout_light et_pb_blurb_position_top et_pb_module et_block_module\"><div class=\"et_pb_blurb_content\"><div class=\"et_pb_main_blurb_image\"><span class=\"et_pb_image_wrap et_pb_only_image_mode_wrap\"><img loading=\"lazy\" decoding=\"async\" src=\"https:\/\/sdg2033-d5.bereishit.de\/wp-content\/uploads\/2026\/04\/Dr-Detlef-Bloecher-_200.jpg\" width=\"200\" height=\"240\" srcset=\"https:\/\/sdg2033-d5.bereishit.de\/wp-content\/uploads\/2026\/04\/Dr-Detlef-Bloecher-_200.jpg 200w\" sizes=\"(max-width: 200px) 100vw, 200px\" class=\"et_animated wp-image-2972\" alt=\"Dr. Detlef Bl\u00f6cher\" \/><\/span><\/div><div class=\"et_pb_blurb_container\"><h4 class=\"et_pb_module_header\">Dr. Detlef Bl\u00f6cher<\/h4><div class=\"et_pb_blurb_description\"><p>Rrjetet Globale, Konsulent<br \/>(Drejtori n\u00eb pension DMG nd\u00ebrpersonal)<\/p>\n<\/div><\/div><\/div><\/div>\n<\/div>\n<\/div>\n\n<div class=\"et_pb_row_4 et_pb_row et_pb_equal_columns et_block_row\">\n<div class=\"et_pb_column_9 et_pb_column et_pb_column_1_3 et_block_column et_pb_css_mix_blend_mode_passthrough\">\n<div class=\"et_pb_blurb_6 et_pb_blurb et_pb_bg_layout_light et_pb_blurb_position_top et_pb_module et_block_module\"><div class=\"et_pb_blurb_content\"><div class=\"et_pb_main_blurb_image\"><span class=\"et_pb_image_wrap et_pb_only_image_mode_wrap\"><img loading=\"lazy\" decoding=\"async\" src=\"https:\/\/sdg2033-d5.bereishit.de\/wp-content\/uploads\/2026\/04\/Jutta-Undeutsch-VisioM.jpg\" width=\"200\" height=\"240\" srcset=\"https:\/\/sdg2033-d5.bereishit.de\/wp-content\/uploads\/2026\/04\/Jutta-Undeutsch-VisioM.jpg 200w\" sizes=\"(max-width: 200px) 100vw, 200px\" class=\"et_animated wp-image-2973\" alt=\"Jutta Undeutsch\" \/><\/span><\/div><div class=\"et_pb_blurb_container\"><h4 class=\"et_pb_module_header\">Jutta Undeutsch<\/h4><div class=\"et_pb_blurb_description\"><p>Vizualizimi<br \/>(Dizajn grafik, VisioM)<\/p>\n<\/div><\/div><\/div><\/div>\n<\/div>\n\n<div class=\"et_pb_column_10 et_pb_column et_pb_column_1_3 et_block_column et_pb_css_mix_blend_mode_passthrough\">\n<div class=\"et_pb_blurb_7 et_pb_blurb et_pb_bg_layout_light et_pb_blurb_position_top et_pb_module et_block_module\"><div class=\"et_pb_blurb_content\"><div class=\"et_pb_main_blurb_image\"><span class=\"et_pb_image_wrap et_pb_only_image_mode_wrap\"><img loading=\"lazy\" decoding=\"async\" src=\"https:\/\/sdg2033-d5.bereishit.de\/wp-content\/uploads\/2026\/04\/Heino-Weidmann-DMG-Germany.jpg\" width=\"200\" height=\"240\" srcset=\"https:\/\/sdg2033-d5.bereishit.de\/wp-content\/uploads\/2026\/04\/Heino-Weidmann-DMG-Germany.jpg 200w\" sizes=\"(max-width: 200px) 100vw, 200px\" class=\"et_animated wp-image-2974\" alt=\"Heino Widmann\" \/><\/span><\/div><div class=\"et_pb_blurb_container\"><h4 class=\"et_pb_module_header\">Heino Weidmann<\/h4><div class=\"et_pb_blurb_description\"><p>Lutja<br \/>(Koordinator i misioneve afatshkurtra<br \/>DMG nd\u00ebrpersonale)<\/p>\n<\/div><\/div><\/div><\/div>\n<\/div>\n\n<div class=\"et_pb_column_11 et_pb_column et_pb_column_1_3 et-last-child et_block_column et_pb_css_mix_blend_mode_passthrough\">\n<div class=\"et_pb_blurb_8 et_pb_blurb et_pb_bg_layout_light et_pb_blurb_position_top et_pb_module et_block_module\"><div class=\"et_pb_blurb_content\"><div class=\"et_pb_main_blurb_image\"><span class=\"et_pb_image_wrap et_pb_only_image_mode_wrap\"><img loading=\"lazy\" decoding=\"async\" src=\"https:\/\/sdg2033-d5.bereishit.de\/wp-content\/uploads\/2026\/04\/anonym-1.jpg\" width=\"200\" height=\"240\" srcset=\"https:\/\/sdg2033-d5.bereishit.de\/wp-content\/uploads\/2026\/04\/anonym-1.jpg 200w\" sizes=\"(max-width: 200px) 100vw, 200px\" class=\"et_animated wp-image-2975\" alt=\"Heino Widmann\" \/><\/span><\/div><div class=\"et_pb_blurb_container\"><h4 class=\"et_pb_module_header\">Stafi i Dyerve t\u00eb Hapura<\/h4><div class=\"et_pb_blurb_description\"><p>Konsulent\u00ebt n\u00eb lidhje me<br \/>Kisha e persekutuar<\/p>\n<\/div><\/div><\/div><\/div>\n<\/div>\n<\/div>\n\n<div class=\"et_pb_row_5 et_pb_row et_pb_equal_columns et_block_row\">\n<div class=\"et_pb_column_12 et_pb_column et_pb_column_1_3 et_block_column et_pb_css_mix_blend_mode_passthrough\">\n<div class=\"et_pb_blurb_9 et_pb_blurb et_pb_bg_layout_light et_pb_blurb_position_top et_pb_module et_block_module\"><div class=\"et_pb_blurb_content\"><div class=\"et_pb_main_blurb_image\"><span class=\"et_pb_image_wrap et_pb_only_image_mode_wrap\"><img loading=\"lazy\" decoding=\"async\" src=\"https:\/\/sdg2033-d5.bereishit.de\/wp-content\/uploads\/2026\/04\/Andre-Springhut-_200.jpg\" width=\"200\" height=\"240\" srcset=\"https:\/\/sdg2033-d5.bereishit.de\/wp-content\/uploads\/2026\/04\/Andre-Springhut-_200.jpg 200w\" sizes=\"(max-width: 200px) 100vw, 200px\" class=\"et_animated wp-image-2976\" alt=\"Andr\u00e9 Springhut\" \/><\/span><\/div><div class=\"et_pb_blurb_container\"><h4 class=\"et_pb_module_header\">Andr\u00e9 Springhut<\/h4><div class=\"et_pb_blurb_description\"><p>Dizajni i uebit<br \/>(Konsulent p\u00ebr organizatat jofitimprur\u00ebse<br \/><a href=\"https:\/\/Bereishit.de\">Bereishit.de<\/a>)<\/p>\n<\/div><\/div><\/div><\/div>\n<\/div>\n\n<div class=\"et_pb_column_13 et_pb_column et_pb_column_1_3 et_block_column et_pb_css_mix_blend_mode_passthrough\">\n<div class=\"et_pb_blurb_10 et_pb_blurb et_pb_bg_layout_light et_pb_blurb_position_top et_pb_module et_block_module\"><div class=\"et_pb_blurb_content\"><div class=\"et_pb_main_blurb_image\"><span class=\"et_pb_image_wrap et_pb_only_image_mode_wrap\"><img loading=\"lazy\" decoding=\"async\" src=\"https:\/\/sdg2033-d5.bereishit.de\/wp-content\/uploads\/2026\/04\/Timo-Wilhelm-_200.jpg\" width=\"200\" height=\"240\" srcset=\"https:\/\/sdg2033-d5.bereishit.de\/wp-content\/uploads\/2026\/04\/Timo-Wilhelm-_200.jpg 200w\" sizes=\"(max-width: 200px) 100vw, 200px\" class=\"et_animated wp-image-2977\" alt=\"Timo Wilhelm\" \/><\/span><\/div><div class=\"et_pb_blurb_container\"><h4 class=\"et_pb_module_header\">Timo Wilhelm<\/h4><div class=\"et_pb_blurb_description\"><p>Zhvillues i lart\u00eb i Fullstack<\/p>\n<\/div><\/div><\/div><\/div>\n<\/div>\n\n<div class=\"et_pb_column_14 et_pb_column et_pb_column_1_3 et-last-child et_block_column et_pb_css_mix_blend_mode_passthrough\">\n<div class=\"et_pb_blurb_11 et_pb_blurb et_pb_bg_layout_light et_pb_blurb_position_top et_pb_module et_block_module\"><div class=\"et_pb_blurb_content\"><div class=\"et_pb_main_blurb_image\"><span class=\"et_pb_image_wrap\"><span class=\"et-pb-icon et_animated et_animated\">\uf059<\/span><\/span><\/div><div class=\"et_pb_blurb_container\"><h4 class=\"et_pb_module_header\">Ti!<\/h4><div class=\"et_pb_blurb_description\"><p>K\u00ebtu mund t\u00eb jet\u00eb edhe emri juaj.<br \/><strong><a href=\"https:\/\/sdg2033.bereishit.de\/connect\/#contact\">Na kontaktoni, n\u00ebse jeni t\u00eb interesuar.<\/a><\/strong><\/p>\n<\/div><\/div><\/div><\/div>\n<\/div>\n<\/div>\n<\/div>","protected":false},"excerpt":{"rendered":"","protected":false},"author":1,"featured_media":0,"parent":0,"menu_order":0,"comment_status":"closed","ping_status":"closed","template":"","meta":{"_acf_changed":false,"footnotes":""},"class_list":["post-2117","page","type-page","status-publish","hentry"],"acf":[],"_links":{"self":[{"href":"https:\/\/sdg2033-d5.bereishit.de\/sq\/wp-json\/wp\/v2\/pages\/2117","targetHints":{"allow":["GET"]}}],"collection":[{"href":"https:\/\/sdg2033-d5.bereishit.de\/sq\/wp-json\/wp\/v2\/pages"}],"about":[{"href":"https:\/\/sdg2033-d5.bereishit.de\/sq\/wp-json\/wp\/v2\/types\/page"}],"author":[{"embeddable":true,"href":"https:\/\/sdg2033-d5.bereishit.de\/sq\/wp-json\/wp\/v2\/users\/1"}],"replies":[{"embeddable":true,"href":"https:\/\/sdg2033-d5.bereishit.de\/sq\/wp-json\/wp\/v2\/comments?post=2117"}],"version-history":[{"count":3,"href":"https:\/\/sdg2033-d5.bereishit.de\/sq\/wp-json\/wp\/v2\/pages\/2117\/revisions"}],"predecessor-version":[{"id":2980,"href":"https:\/\/sdg2033-d5.bereishit.de\/sq\/wp-json\/wp\/v2\/pages\/2117\/revisions\/2980"}],"wp:attachment":[{"href":"https:\/\/sdg2033-d5.bereishit.de\/sq\/wp-json\/wp\/v2\/media?parent=2117"}],"curies":[{"name":"wp","href":"https:\/\/api.w.org\/{rel}","templated":true}]}}