{"id":388,"date":"2026-04-04T10:52:47","date_gmt":"2026-04-04T08:52:47","guid":{"rendered":"https:\/\/sdg2033-d5.bereishit.de\/meine-feierlichkeiten\/"},"modified":"2026-04-04T13:04:35","modified_gmt":"2026-04-04T11:04:35","slug":"meine-feierlichkeiten","status":"publish","type":"page","link":"https:\/\/sdg2033-d5.bereishit.de\/de\/meine-feierlichkeiten\/","title":{"rendered":"Meine Feierlichkeiten"},"content":{"rendered":"<div class=\"et_pb_section_0 et_pb_section et_section_regular et_flex_section\">\n<div class=\"et_pb_row_0 et_pb_row et_flex_row\">\n<div class=\"et_pb_column_0 et_pb_column et-last-child et_flex_column et_pb_css_mix_blend_mode_passthrough et_flex_column_24_24 et_flex_column_24_24_tablet et_flex_column_24_24_phone\">\n<div class=\"et_pb_text_0 et_pb_text et_pb_bg_layout_light et_pb_module et_flex_module preset--module--divi-text--default\"><div class=\"et_pb_text_inner\"><p>Meine Feierlichkeiten<\/p>\n<\/div><\/div>\n\n<div class=\"de_ajax_filter_archive_loop_0 de_ajax_filter_archive_loop main-loop main-archive-loop loadmore-align-justified load_more_pagination grid-layout-grid clearfix et_pb_module\"><div class=\"et_pb_module_inner\">        \n            <div class=\"dmach-before-posts\"><\/div>\n                                    \n            <div class=\"filter-param-tags\"><\/div>\n            <input type=\"hidden\" class=\"daf_filter_post_ids\" value=\"410,430,432,434,435,436,439,442\">            <div class=\"filtered-posts-cont\" data-ajaxload-anim=\"load-6\">\n                \n                        \n                <div class=\"filtered-posts-loading load-6\"><\/div>\n        \n\n        \n                <div class=\"dmach-grid-sizes divi-filter-archive-loop main-loop grid\"\n                    data-show_excerpt=\"off\" data-show_rating=\"on\" data-show_price=\"on\" data-show_tags=\"on\" data-show_title=\"on\" data-show_add_to_cart=\"on\" data-link_wholegrid=\"off\" data-wholegrid-external=\"off\" data-wholegrid-external_acf=\"none\" data-layoutid=\"403\" data-posttype=\"celebration\" data-noresults=\"none\" data-no_results_text=\"Sorry, No posts.\" data-sortorder=\"date\" data-sorttype=\"string\" data-sortasc=\"ASC\" data-gridstyle=\"grid\" data-masonry_ajax_buffer=\"500\" data-columnscount=\"3\" data-pagi_scrollto=\"on\" data-postnumber=\"16\" data-recently_purchased_days=\"30\" data-product_type=\"all\" data-author_filter=\"[]\" data-on_sale_toggle=\"false\" data-featured_products_only=\"false\" data-rating_min=\"all\" data-custom_field_sort_type=\"string\" data-secondary_custom_field_sort_type=\"string\" data-loadmore=\"pagination\" data-show_sort=\"off\" data-resultcount=\"off\" data-countposition=\"top\" data-result-count-single-text=\"Showing the only result\" data-result-count-all-text=\"Showing all %d results\" data-result-count-pagination-text=\"Showing %d-%d of %d results\" data-btntext=\"Load More\" data-btntext_loading=\"Loading...\" data-onload_tax=\"none\" data-filter-var=\"{&quot;post_type&quot;:[&quot;celebration&quot;],&quot;post_status&quot;:&quot;publish&quot;,&quot;posts_per_page&quot;:16,&quot;orderby&quot;:&quot;menu_order&quot;,&quot;order&quot;:&quot;DESC&quot;,&quot;tax_query&quot;:{&quot;relation&quot;:&quot;AND&quot;},&quot;post__not_in&quot;:[],&quot;meta_query&quot;:[],&quot;paged&quot;:1,&quot;ignore_sticky_posts&quot;:true,&quot;relevanssi&quot;:&quot;true&quot;,&quot;error&quot;:&quot;&quot;,&quot;m&quot;:&quot;&quot;,&quot;p&quot;:0,&quot;post_parent&quot;:&quot;&quot;,&quot;subpost&quot;:&quot;&quot;,&quot;subpost_id&quot;:&quot;&quot;,&quot;attachment&quot;:&quot;&quot;,&quot;attachment_id&quot;:0,&quot;name&quot;:&quot;&quot;,&quot;pagename&quot;:&quot;&quot;,&quot;page_id&quot;:0,&quot;second&quot;:&quot;&quot;,&quot;minute&quot;:&quot;&quot;,&quot;hour&quot;:&quot;&quot;,&quot;day&quot;:0,&quot;monthnum&quot;:0,&quot;year&quot;:0,&quot;w&quot;:0,&quot;category_name&quot;:&quot;&quot;,&quot;tag&quot;:&quot;&quot;,&quot;cat&quot;:&quot;&quot;,&quot;tag_id&quot;:&quot;&quot;,&quot;author&quot;:&quot;&quot;,&quot;author_name&quot;:&quot;&quot;,&quot;feed&quot;:&quot;&quot;,&quot;tb&quot;:&quot;&quot;,&quot;meta_key&quot;:&quot;&quot;,&quot;meta_value&quot;:&quot;&quot;,&quot;preview&quot;:&quot;&quot;,&quot;s&quot;:&quot;&quot;,&quot;sentence&quot;:&quot;&quot;,&quot;title&quot;:&quot;&quot;,&quot;fields&quot;:&quot;all&quot;,&quot;menu_order&quot;:&quot;&quot;,&quot;embed&quot;:&quot;&quot;,&quot;category__in&quot;:[],&quot;category__not_in&quot;:[],&quot;category__and&quot;:[],&quot;post__in&quot;:[],&quot;post_name__in&quot;:[],&quot;tag__in&quot;:[],&quot;tag__not_in&quot;:[],&quot;tag__and&quot;:[],&quot;tag_slug__in&quot;:[],&quot;tag_slug__and&quot;:[],&quot;post_parent__in&quot;:[],&quot;post_parent__not_in&quot;:[],&quot;author__in&quot;:[],&quot;author__not_in&quot;:[],&quot;search_columns&quot;:[],&quot;suppress_filters&quot;:false,&quot;cache_results&quot;:true,&quot;update_post_term_cache&quot;:true,&quot;update_menu_item_cache&quot;:false,&quot;lazy_load_term_meta&quot;:true,&quot;update_post_meta_cache&quot;:true,&quot;nopaging&quot;:false,&quot;comments_per_page&quot;:&quot;50&quot;,&quot;no_found_rows&quot;:false}\" data-current-page=\"1\" data-custom-page=\"celebration_page\" data-base-url=\"\/de\/wp-json\/wp\/v2\/pages\/388\" data-max-page=\"1\" data-has-map=\"off\" data-map-center-post=\"on\" data-hide-marker-label=\"off\" data-map-cluster=\"on\" data-map-all-posts=\"off\" data-map-marker-layout=\"none\" data-sticky-posts-behavior=\"include_normally\" data-pagination_position=\"bottom\"                     data-shortcode_name='de_loop_template_shortcode'                                    >\n                                        <div class=\"divi-filter-loop-container default-layout  col-desk-3 col-tab-2 col-mob-1\">\n                                                <div class=\"et_pb_row_divifilter custom-loop-layout grid-posts loop-grid\">\n                                                    \n                                                        \n                                            <div class=\"grid-col dmach-grid-item translation_priority-optional post_id_410\" data-id=\"410\" data-posttype=\"celebration\"><div class=\"grid-item-cont\"><div class=\"et_pb_section_1 et_pb_section et_section_regular et_flex_section\">\n<div class=\"et_pb_row_1 et_pb_row et_flex_row\">\n<div class=\"et_pb_column_1 et_pb_column et-last-child et_flex_column et_pb_css_mix_blend_mode_passthrough et_flex_column_24_24 et_flex_column_24_24_tablet et_flex_column_24_24_phone\">\n<div class=\"et_pb_text_1 et_pb_text et_pb_bg_layout_light et_pb_module et_flex_module preset--module--divi-text--default\"><\/div>\n\n<div class=\"et_pb_text_2 et_pb_text et_pb_bg_layout_light et_pb_module et_flex_module preset--module--divi-text--default\"><div class=\"et_pb_text_inner\"><p>1<\/p>\n<\/div><\/div>\n\n<div class=\"et_pb_text_3 et_pb_text et_pb_bg_layout_light et_pb_module et_flex_module preset--module--divi-text--default\"><div class=\"et_pb_text_inner\"><p>Lushnj\u00eb, Albania, 40.943389, 19.7046527, 14, ChIJg-_Z6q0FUBMRsWwLFEvRoEk, Lushnj\u00eb, Lushnj\u00eb, Fier County, Albania, AL<\/p>\n<\/div><\/div>\n\n<div class=\"et_pb_text_4 et_pb_text et_pb_bg_layout_light et_pb_module et_flex_module preset--module--divi-text--default\"><\/div>\n\n<div class=\"et_pb_text_5 et_pb_text et_pb_bg_layout_light et_pb_module et_flex_module preset--module--divi-text--default\"><\/div>\n\n<div class=\"et_pb_text_6 et_pb_text et_pb_bg_layout_light et_pb_module et_flex_module preset--module--divi-text--default\"><\/div>\n\n<div class=\"et_pb_text_7 et_pb_text et_pb_bg_layout_light et_pb_module et_flex_module preset--module--divi-text--default\"><\/div>\n\n<div class=\"et_pb_text_8 et_pb_text et_pb_bg_layout_light et_pb_module et_flex_module preset--module--divi-text--default\"><\/div>\n\n<div class=\"et_pb_text_9 et_pb_text et_pb_bg_layout_light et_pb_module et_flex_module preset--module--divi-text--default\"><\/div>\n<\/div>\n<\/div>\n<\/div><\/div><\/div>\n                            \n                                            <div class=\"grid-col dmach-grid-item translation_priority-optional post_id_430\" data-id=\"430\" data-posttype=\"celebration\"><div class=\"grid-item-cont\"><div class=\"et_pb_section_2 et_pb_section et_section_regular et_flex_section\">\n<div class=\"et_pb_row_2 et_pb_row et_flex_row\">\n<div class=\"et_pb_column_2 et_pb_column et-last-child et_flex_column et_pb_css_mix_blend_mode_passthrough et_flex_column_24_24 et_flex_column_24_24_tablet et_flex_column_24_24_phone\">\n<div class=\"et_pb_text_10 et_pb_text et_pb_bg_layout_light et_pb_module et_flex_module preset--module--divi-text--default\"><div class=\"et_pb_text_inner\"><p>Beaumaris<\/p>\n<\/div><\/div>\n\n<div class=\"et_pb_text_11 et_pb_text et_pb_bg_layout_light et_pb_module et_flex_module preset--module--divi-text--default\"><div class=\"et_pb_text_inner\"><p>7<\/p>\n<\/div><\/div>\n\n<div class=\"et_pb_text_12 et_pb_text et_pb_bg_layout_light et_pb_module et_flex_module preset--module--divi-text--default\"><div class=\"et_pb_text_inner\"><p>Beaumaris VIC, Australia, -37.9825379, 145.0418067, 14, ChIJF4mnnmdu1moRkN-MIXVWBAU, Beaumaris, Beaumaris, Victoria, VIC, 3193, Australia, AU<\/p>\n<\/div><\/div>\n\n<div class=\"et_pb_text_13 et_pb_text et_pb_bg_layout_light et_pb_module et_flex_module preset--module--divi-text--default\"><div class=\"et_pb_text_inner\"><p>Beaumaris<\/p>\n<\/div><\/div>\n\n<div class=\"et_pb_text_14 et_pb_text et_pb_bg_layout_light et_pb_module et_flex_module preset--module--divi-text--default\"><div class=\"et_pb_text_inner\"><p>Victoria<\/p>\n<\/div><\/div>\n\n<div class=\"et_pb_text_15 et_pb_text et_pb_bg_layout_light et_pb_module et_flex_module preset--module--divi-text--default\"><div class=\"et_pb_text_inner\"><p>Australia<\/p>\n<\/div><\/div>\n\n<div class=\"et_pb_text_16 et_pb_text et_pb_bg_layout_light et_pb_module et_flex_module preset--module--divi-text--default\"><div class=\"et_pb_text_inner\"><p>Oceania<\/p>\n<\/div><\/div>\n\n<div class=\"et_pb_text_17 et_pb_text et_pb_bg_layout_light et_pb_module et_flex_module preset--module--divi-text--default\"><div class=\"et_pb_text_inner\"><p>145.0418067<\/p>\n<\/div><\/div>\n\n<div class=\"et_pb_text_18 et_pb_text et_pb_bg_layout_light et_pb_module et_flex_module preset--module--divi-text--default\"><div class=\"et_pb_text_inner\"><p>-37.9825379<\/p>\n<\/div><\/div>\n<\/div>\n<\/div>\n<\/div><\/div><\/div>\n                            \n                                            <div class=\"grid-col dmach-grid-item translation_priority-optional post_id_432\" data-id=\"432\" data-posttype=\"celebration\"><div class=\"grid-item-cont\"><div class=\"et_pb_section_3 et_pb_section et_section_regular et_flex_section\">\n<div class=\"et_pb_row_3 et_pb_row et_flex_row\">\n<div class=\"et_pb_column_3 et_pb_column et-last-child et_flex_column et_pb_css_mix_blend_mode_passthrough et_flex_column_24_24 et_flex_column_24_24_tablet et_flex_column_24_24_phone\">\n<div class=\"et_pb_text_19 et_pb_text et_pb_bg_layout_light et_pb_module et_flex_module preset--module--divi-text--default\"><div class=\"et_pb_text_inner\"><p>Kiel<\/p>\n<\/div><\/div>\n\n<div class=\"et_pb_text_20 et_pb_text et_pb_bg_layout_light et_pb_module et_flex_module preset--module--divi-text--default\"><div class=\"et_pb_text_inner\"><p>4<\/p>\n<\/div><\/div>\n\n<div class=\"et_pb_text_21 et_pb_text et_pb_bg_layout_light et_pb_module et_flex_module preset--module--divi-text--default\"><div class=\"et_pb_text_inner\"><p>Kiel, Germany, 54.3232927, 10.1227652, 14, ChIJrZfujw1WskcRIANYxmOJJAQ, Kiel, Kiel, KI, Schleswig-Holstein, SH, Germany, DE<\/p>\n<\/div><\/div>\n\n<div class=\"et_pb_text_22 et_pb_text et_pb_bg_layout_light et_pb_module et_flex_module preset--module--divi-text--default\"><div class=\"et_pb_text_inner\"><p>Kiel<\/p>\n<\/div><\/div>\n\n<div class=\"et_pb_text_23 et_pb_text et_pb_bg_layout_light et_pb_module et_flex_module preset--module--divi-text--default\"><div class=\"et_pb_text_inner\"><p>Schleswig-Holstein<\/p>\n<\/div><\/div>\n\n<div class=\"et_pb_text_24 et_pb_text et_pb_bg_layout_light et_pb_module et_flex_module preset--module--divi-text--default\"><div class=\"et_pb_text_inner\"><p>Germany<\/p>\n<\/div><\/div>\n\n<div class=\"et_pb_text_25 et_pb_text et_pb_bg_layout_light et_pb_module et_flex_module preset--module--divi-text--default\"><div class=\"et_pb_text_inner\"><p>Europe<\/p>\n<\/div><\/div>\n\n<div class=\"et_pb_text_26 et_pb_text et_pb_bg_layout_light et_pb_module et_flex_module preset--module--divi-text--default\"><div class=\"et_pb_text_inner\"><p>10.1227652<\/p>\n<\/div><\/div>\n\n<div class=\"et_pb_text_27 et_pb_text et_pb_bg_layout_light et_pb_module et_flex_module preset--module--divi-text--default\"><div class=\"et_pb_text_inner\"><p>54.3232927<\/p>\n<\/div><\/div>\n<\/div>\n<\/div>\n<\/div><\/div><\/div>\n                            \n                                            <div class=\"grid-col dmach-grid-item translation_priority-optional post_id_434\" data-id=\"434\" data-posttype=\"celebration\"><div class=\"grid-item-cont\"><div class=\"et_pb_section_4 et_pb_section et_section_regular et_flex_section\">\n<div class=\"et_pb_row_4 et_pb_row et_flex_row\">\n<div class=\"et_pb_column_4 et_pb_column et-last-child et_flex_column et_pb_css_mix_blend_mode_passthrough et_flex_column_24_24 et_flex_column_24_24_tablet et_flex_column_24_24_phone\">\n<div class=\"et_pb_text_28 et_pb_text et_pb_bg_layout_light et_pb_module et_flex_module preset--module--divi-text--default\"><div class=\"et_pb_text_inner\"><p>Lushnj\u00eb<\/p>\n<\/div><\/div>\n\n<div class=\"et_pb_text_29 et_pb_text et_pb_bg_layout_light et_pb_module et_flex_module preset--module--divi-text--default\"><div class=\"et_pb_text_inner\"><p>4<\/p>\n<\/div><\/div>\n\n<div class=\"et_pb_text_30 et_pb_text et_pb_bg_layout_light et_pb_module et_flex_module preset--module--divi-text--default\"><div class=\"et_pb_text_inner\"><p>Lushnj\u00eb, Albania, 40.943389, 19.7046527, 14, ChIJg-_Z6q0FUBMRsWwLFEvRoEk, Lushnj\u00eb, Lushnj\u00eb, Fier County, Albania, AL<\/p>\n<\/div><\/div>\n\n<div class=\"et_pb_text_31 et_pb_text et_pb_bg_layout_light et_pb_module et_flex_module preset--module--divi-text--default\"><div class=\"et_pb_text_inner\"><p>Lushnj\u00eb<\/p>\n<\/div><\/div>\n\n<div class=\"et_pb_text_32 et_pb_text et_pb_bg_layout_light et_pb_module et_flex_module preset--module--divi-text--default\"><div class=\"et_pb_text_inner\"><p>Fier County<\/p>\n<\/div><\/div>\n\n<div class=\"et_pb_text_33 et_pb_text et_pb_bg_layout_light et_pb_module et_flex_module preset--module--divi-text--default\"><div class=\"et_pb_text_inner\"><p>Albania<\/p>\n<\/div><\/div>\n\n<div class=\"et_pb_text_34 et_pb_text et_pb_bg_layout_light et_pb_module et_flex_module preset--module--divi-text--default\"><div class=\"et_pb_text_inner\"><p>Europe<\/p>\n<\/div><\/div>\n\n<div class=\"et_pb_text_35 et_pb_text et_pb_bg_layout_light et_pb_module et_flex_module preset--module--divi-text--default\"><div class=\"et_pb_text_inner\"><p>19.7046527<\/p>\n<\/div><\/div>\n\n<div class=\"et_pb_text_36 et_pb_text et_pb_bg_layout_light et_pb_module et_flex_module preset--module--divi-text--default\"><div class=\"et_pb_text_inner\"><p>40.943389<\/p>\n<\/div><\/div>\n<\/div>\n<\/div>\n<\/div><\/div><\/div>\n                            \n                                            <div class=\"grid-col dmach-grid-item translation_priority-optional post_id_435\" data-id=\"435\" data-posttype=\"celebration\"><div class=\"grid-item-cont\"><div class=\"et_pb_section_5 et_pb_section et_section_regular et_flex_section\">\n<div class=\"et_pb_row_5 et_pb_row et_flex_row\">\n<div class=\"et_pb_column_5 et_pb_column et-last-child et_flex_column et_pb_css_mix_blend_mode_passthrough et_flex_column_24_24 et_flex_column_24_24_tablet et_flex_column_24_24_phone\">\n<div class=\"et_pb_text_37 et_pb_text et_pb_bg_layout_light et_pb_module et_flex_module preset--module--divi-text--default\"><div class=\"et_pb_text_inner\"><p>Keysborough<\/p>\n<\/div><\/div>\n\n<div class=\"et_pb_text_38 et_pb_text et_pb_bg_layout_light et_pb_module et_flex_module preset--module--divi-text--default\"><div class=\"et_pb_text_inner\"><p>42<\/p>\n<\/div><\/div>\n\n<div class=\"et_pb_text_39 et_pb_text et_pb_bg_layout_light et_pb_module et_flex_module preset--module--divi-text--default\"><div class=\"et_pb_text_inner\"><p>Accra Street, Keysborough VIC, Australia, -37.9959286, 145.1788817, 14, EilBY2NyYSBTdCwgS2V5c2Jvcm91Z2ggVklDIDMxNzMsIEF1c3RyYWxpYSIuKiwKFAoSCfdQ8wR1E9ZqESp9fuyyy2gzEhQKEgnnMpYJGhPWahHA34whdVYEBQ, Accra Street, Accra Street, Accra St, Keysborough, Victoria, VIC, 3173, Australia, AU<\/p>\n<\/div><\/div>\n\n<div class=\"et_pb_text_40 et_pb_text et_pb_bg_layout_light et_pb_module et_flex_module preset--module--divi-text--default\"><div class=\"et_pb_text_inner\"><p>Keysborough<\/p>\n<\/div><\/div>\n\n<div class=\"et_pb_text_41 et_pb_text et_pb_bg_layout_light et_pb_module et_flex_module preset--module--divi-text--default\"><div class=\"et_pb_text_inner\"><p>Victoria<\/p>\n<\/div><\/div>\n\n<div class=\"et_pb_text_42 et_pb_text et_pb_bg_layout_light et_pb_module et_flex_module preset--module--divi-text--default\"><div class=\"et_pb_text_inner\"><p>Australia<\/p>\n<\/div><\/div>\n\n<div class=\"et_pb_text_43 et_pb_text et_pb_bg_layout_light et_pb_module et_flex_module preset--module--divi-text--default\"><div class=\"et_pb_text_inner\"><p>Oceania<\/p>\n<\/div><\/div>\n\n<div class=\"et_pb_text_44 et_pb_text et_pb_bg_layout_light et_pb_module et_flex_module preset--module--divi-text--default\"><div class=\"et_pb_text_inner\"><p>145.1788817<\/p>\n<\/div><\/div>\n\n<div class=\"et_pb_text_45 et_pb_text et_pb_bg_layout_light et_pb_module et_flex_module preset--module--divi-text--default\"><div class=\"et_pb_text_inner\"><p>-37.9959286<\/p>\n<\/div><\/div>\n<\/div>\n<\/div>\n<\/div><\/div><\/div>\n                            \n                                            <div class=\"grid-col dmach-grid-item translation_priority-optional post_id_436\" data-id=\"436\" data-posttype=\"celebration\"><div class=\"grid-item-cont\"><div class=\"et_pb_section_6 et_pb_section et_section_regular et_flex_section\">\n<div class=\"et_pb_row_6 et_pb_row et_flex_row\">\n<div class=\"et_pb_column_6 et_pb_column et-last-child et_flex_column et_pb_css_mix_blend_mode_passthrough et_flex_column_24_24 et_flex_column_24_24_tablet et_flex_column_24_24_phone\">\n<div class=\"et_pb_text_46 et_pb_text et_pb_bg_layout_light et_pb_module et_flex_module preset--module--divi-text--default\"><div class=\"et_pb_text_inner\"><p>Accra<\/p>\n<\/div><\/div>\n\n<div class=\"et_pb_text_47 et_pb_text et_pb_bg_layout_light et_pb_module et_flex_module preset--module--divi-text--default\"><div class=\"et_pb_text_inner\"><p>3<\/p>\n<\/div><\/div>\n\n<div class=\"et_pb_text_48 et_pb_text et_pb_bg_layout_light et_pb_module et_flex_module preset--module--divi-text--default\"><div class=\"et_pb_text_inner\"><p>Accra, Ghana, 5.5592846, -0.1974306, 14, ChIJc6e3soSQ3w8R0y0OZdhO0b4, Accra, Accra, Greater Accra Region, Ghana, GH<\/p>\n<\/div><\/div>\n\n<div class=\"et_pb_text_49 et_pb_text et_pb_bg_layout_light et_pb_module et_flex_module preset--module--divi-text--default\"><div class=\"et_pb_text_inner\"><p>Accra<\/p>\n<\/div><\/div>\n\n<div class=\"et_pb_text_50 et_pb_text et_pb_bg_layout_light et_pb_module et_flex_module preset--module--divi-text--default\"><div class=\"et_pb_text_inner\"><p>Greater Accra Region<\/p>\n<\/div><\/div>\n\n<div class=\"et_pb_text_51 et_pb_text et_pb_bg_layout_light et_pb_module et_flex_module preset--module--divi-text--default\"><div class=\"et_pb_text_inner\"><p>Ghana<\/p>\n<\/div><\/div>\n\n<div class=\"et_pb_text_52 et_pb_text et_pb_bg_layout_light et_pb_module et_flex_module preset--module--divi-text--default\"><div class=\"et_pb_text_inner\"><p>Africa<\/p>\n<\/div><\/div>\n\n<div class=\"et_pb_text_53 et_pb_text et_pb_bg_layout_light et_pb_module et_flex_module preset--module--divi-text--default\"><div class=\"et_pb_text_inner\"><p>-0.1974306<\/p>\n<\/div><\/div>\n\n<div class=\"et_pb_text_54 et_pb_text et_pb_bg_layout_light et_pb_module et_flex_module preset--module--divi-text--default\"><div class=\"et_pb_text_inner\"><p>5.5592846<\/p>\n<\/div><\/div>\n<\/div>\n<\/div>\n<\/div><\/div><\/div>\n                            \n                                            <div class=\"grid-col dmach-grid-item translation_priority-optional post_id_439\" data-id=\"439\" data-posttype=\"celebration\"><div class=\"grid-item-cont\"><div class=\"et_pb_section_7 et_pb_section et_section_regular et_flex_section\">\n<div class=\"et_pb_row_7 et_pb_row et_flex_row\">\n<div class=\"et_pb_column_7 et_pb_column et-last-child et_flex_column et_pb_css_mix_blend_mode_passthrough et_flex_column_24_24 et_flex_column_24_24_tablet et_flex_column_24_24_phone\">\n<div class=\"et_pb_text_55 et_pb_text et_pb_bg_layout_light et_pb_module et_flex_module preset--module--divi-text--default\"><div class=\"et_pb_text_inner\"><p>Amsterdam<\/p>\n<\/div><\/div>\n\n<div class=\"et_pb_text_56 et_pb_text et_pb_bg_layout_light et_pb_module et_flex_module preset--module--divi-text--default\"><div class=\"et_pb_text_inner\"><p>5<\/p>\n<\/div><\/div>\n\n<div class=\"et_pb_text_57 et_pb_text et_pb_bg_layout_light et_pb_module et_flex_module preset--module--divi-text--default\"><div class=\"et_pb_text_inner\"><p>Amsterdam, Netherlands, 52.3675734, 4.9041389, 14, ChIJVXealLU_xkcRja_At0z9AGY, Amsterdam, Amsterdam, North Holland, NH, Netherlands, NL<\/p>\n<\/div><\/div>\n\n<div class=\"et_pb_text_58 et_pb_text et_pb_bg_layout_light et_pb_module et_flex_module preset--module--divi-text--default\"><div class=\"et_pb_text_inner\"><p>Amsterdam<\/p>\n<\/div><\/div>\n\n<div class=\"et_pb_text_59 et_pb_text et_pb_bg_layout_light et_pb_module et_flex_module preset--module--divi-text--default\"><div class=\"et_pb_text_inner\"><p>North Holland<\/p>\n<\/div><\/div>\n\n<div class=\"et_pb_text_60 et_pb_text et_pb_bg_layout_light et_pb_module et_flex_module preset--module--divi-text--default\"><div class=\"et_pb_text_inner\"><p>Netherlands<\/p>\n<\/div><\/div>\n\n<div class=\"et_pb_text_61 et_pb_text et_pb_bg_layout_light et_pb_module et_flex_module preset--module--divi-text--default\"><div class=\"et_pb_text_inner\"><p>Europe<\/p>\n<\/div><\/div>\n\n<div class=\"et_pb_text_62 et_pb_text et_pb_bg_layout_light et_pb_module et_flex_module preset--module--divi-text--default\"><div class=\"et_pb_text_inner\"><p>4.9041389<\/p>\n<\/div><\/div>\n\n<div class=\"et_pb_text_63 et_pb_text et_pb_bg_layout_light et_pb_module et_flex_module preset--module--divi-text--default\"><div class=\"et_pb_text_inner\"><p>52.3675734<\/p>\n<\/div><\/div>\n<\/div>\n<\/div>\n<\/div><\/div><\/div>\n                            \n                                            <div class=\"grid-col dmach-grid-item translation_priority-optional post_id_442\" data-id=\"442\" data-posttype=\"celebration\"><div class=\"grid-item-cont\"><div class=\"et_pb_section_8 et_pb_section et_section_regular et_flex_section\">\n<div class=\"et_pb_row_8 et_pb_row et_flex_row\">\n<div class=\"et_pb_column_8 et_pb_column et-last-child et_flex_column et_pb_css_mix_blend_mode_passthrough et_flex_column_24_24 et_flex_column_24_24_tablet et_flex_column_24_24_phone\">\n<div class=\"et_pb_text_64 et_pb_text et_pb_bg_layout_light et_pb_module et_flex_module preset--module--divi-text--default\"><div class=\"et_pb_text_inner\"><p>2026-04-03<\/p>\n<\/div><\/div>\n\n<div class=\"et_pb_text_65 et_pb_text et_pb_bg_layout_light et_pb_module et_flex_module preset--module--divi-text--default\"><div class=\"et_pb_text_inner\"><p>5<\/p>\n<\/div><\/div>\n\n<div class=\"et_pb_text_66 et_pb_text et_pb_bg_layout_light et_pb_module et_flex_module preset--module--divi-text--default\"><div class=\"et_pb_text_inner\"><p>Berlin, 52.5200066, 13.404954<\/p>\n<\/div><\/div>\n\n<div class=\"et_pb_text_67 et_pb_text et_pb_bg_layout_light et_pb_module et_flex_module preset--module--divi-text--default\"><\/div>\n\n<div class=\"et_pb_text_68 et_pb_text et_pb_bg_layout_light et_pb_module et_flex_module preset--module--divi-text--default\"><\/div>\n\n<div class=\"et_pb_text_69 et_pb_text et_pb_bg_layout_light et_pb_module et_flex_module preset--module--divi-text--default\"><\/div>\n\n<div class=\"et_pb_text_70 et_pb_text et_pb_bg_layout_light et_pb_module et_flex_module preset--module--divi-text--default\"><\/div>\n\n<div class=\"et_pb_text_71 et_pb_text et_pb_bg_layout_light et_pb_module et_flex_module preset--module--divi-text--default\"><\/div>\n\n<div class=\"et_pb_text_72 et_pb_text et_pb_bg_layout_light et_pb_module et_flex_module preset--module--divi-text--default\"><\/div>\n<\/div>\n<\/div>\n<\/div><\/div><\/div>\n                                                                            <\/div>\n                                            <\/div>\n        \n                <\/div>\n                        <\/div>\n        \n            <div class=\"dmach-after-posts\"><\/div>\n        \n                            <div class=\"divi-filter-pagination \" data-paginationpage=\"celebration_page\">\n                                <\/div>\n                <\/div><\/div>\n<\/div>\n<\/div>\n<\/div>","protected":false},"excerpt":{"rendered":"","protected":false},"author":1,"featured_media":0,"parent":0,"menu_order":0,"comment_status":"closed","ping_status":"closed","template":"","meta":{"_acf_changed":false,"footnotes":""},"class_list":["post-388","page","type-page","status-publish","hentry"],"acf":[],"_links":{"self":[{"href":"https:\/\/sdg2033-d5.bereishit.de\/de\/wp-json\/wp\/v2\/pages\/388","targetHints":{"allow":["GET"]}}],"collection":[{"href":"https:\/\/sdg2033-d5.bereishit.de\/de\/wp-json\/wp\/v2\/pages"}],"about":[{"href":"https:\/\/sdg2033-d5.bereishit.de\/de\/wp-json\/wp\/v2\/types\/page"}],"author":[{"embeddable":true,"href":"https:\/\/sdg2033-d5.bereishit.de\/de\/wp-json\/wp\/v2\/users\/1"}],"replies":[{"embeddable":true,"href":"https:\/\/sdg2033-d5.bereishit.de\/de\/wp-json\/wp\/v2\/comments?post=388"}],"version-history":[{"count":4,"href":"https:\/\/sdg2033-d5.bereishit.de\/de\/wp-json\/wp\/v2\/pages\/388\/revisions"}],"predecessor-version":[{"id":406,"href":"https:\/\/sdg2033-d5.bereishit.de\/de\/wp-json\/wp\/v2\/pages\/388\/revisions\/406"}],"wp:attachment":[{"href":"https:\/\/sdg2033-d5.bereishit.de\/de\/wp-json\/wp\/v2\/media?parent=388"}],"curies":[{"name":"wp","href":"https:\/\/api.w.org\/{rel}","templated":true}]}}